{"id":112,"date":"2024-08-15T20:36:58","date_gmt":"2024-08-15T20:36:58","guid":{"rendered":"http:\/\/enikia.com.mx\/?page_id=112"},"modified":"2024-08-15T20:36:58","modified_gmt":"2024-08-15T20:36:58","slug":"preguntas-frecuentes","status":"publish","type":"page","link":"https:\/\/enikia.com.mx\/en\/preguntas-frecuentes\/","title":{"rendered":"Preguntas Frecuentes"},"content":{"rendered":"<p>[et_pb_section fb_built=\u00bb1&#8243; _builder_version=\u00bb4.22.1&#8243; _module_preset=\u00bbdefault\u00bb global_colors_info=\u00bb{}\u00bb theme_builder_area=\u00bbpost_content\u00bb][et_pb_row _builder_version=\u00bb4.22.1&#8243; _module_preset=\u00bbdefault\u00bb global_colors_info=\u00bb{}\u00bb theme_builder_area=\u00bbpost_content\u00bb][et_pb_column type=\u00bb4_4&#8243; _builder_version=\u00bb4.22.1&#8243; _module_preset=\u00bbdefault\u00bb global_colors_info=\u00bb{}\u00bb theme_builder_area=\u00bbpost_content\u00bb][et_pb_text _builder_version=\u00bb4.27.0&#8243; _module_preset=\u00bbdefault\u00bb text_font=\u00bb|600||on|||||\u00bb text_text_color=\u00bb#000000&#8243; header_font=\u00bb&#8211;et_global_heading_font|&#8211;et_global_heading_font_weight||on|||||\u00bb header_text_color=\u00bb#24387B\u00bb header_font_size=\u00bb45px\u00bb hover_enabled=\u00bb0&#8243; global_colors_info=\u00bb{}\u00bb theme_builder_area=\u00bbpost_content\u00bb sticky_enabled=\u00bb0&#8243;]<\/p>\n<h1>Preguntas Frecuentes<\/h1>\n<p>[\/et_pb_text][et_pb_text _builder_version=\u00bb4.22.1&#8243; _module_preset=\u00bbdefault\u00bb text_font=\u00bb||||||||\u00bb text_text_color=\u00bb#303030&#8243; text_font_size=\u00bb17px\u00bb header_font=\u00bb|700||on|||||\u00bb header_text_color=\u00bb#24387B\u00bb header_font_size=\u00bb45px\u00bb global_colors_info=\u00bb{}\u00bb theme_builder_area=\u00bbpost_content\u00bb]<\/p>\n<p>\u00bfTienes preguntas sobre Enikia? \u00a1Aqu\u00ed est\u00e1n las respuestas! En esta secci\u00f3n de Preguntas Frecuentes, encontrar\u00e1s informaci\u00f3n clave sobre nuestro producto. Descubre cu\u00e1l es el ingrediente activo de Enikia, c\u00f3mo tomarlo, los beneficios que proporciona, a qui\u00e9n est\u00e1 dirigido, etc.<\/p>\n<p>[\/et_pb_text][et_pb_accordion open_toggle_text_color=\u00bb#000000&#8243; closed_toggle_text_color=\u00bb#000000&#8243; icon_color=\u00bb#203C81&#8243; _builder_version=\u00bb4.25.0&#8243; _module_preset=\u00bbdefault\u00bb toggle_font=\u00bb||||||||\u00bb border_width_all=\u00bb0px\u00bb global_colors_info=\u00bb{}\u00bb theme_builder_area=\u00bbpost_content\u00bb][et_pb_accordion_item title=\u00bb\u00bfCu\u00e1l es la diferencia entre cada una de sus presentaciones?\u00bb open=\u00bbon\u00bb _builder_version=\u00bb4.22.1&#8243; _module_preset=\u00bbdefault\u00bb global_colors_info=\u00bb{}\u00bb theme_builder_area=\u00bbpost_content\u00bb]<\/p>\n<p>La diferencia radica en que cada presentaci\u00f3n de Enikia va dirigida a diferentes tipos de personas:<\/p>\n<ol>\n<li>Sabor natural, su presentaci\u00f3n es en polvo y va dirigido a personas que est\u00e1n en alg\u00fan tratamiento de alguna enfermedad, para acompa\u00f1arlos en su recuperaci\u00f3n.<\/li>\n<li>Sabor fresa, su presentaci\u00f3n es en polvo y va dirigido a personas que les gusta verse y sentirse bien.<\/li>\n<li>C\u00e1psulas, dirigido a personas que les gusta verse y sentirse bien, desde temprana edad.<\/li>\n<\/ol>\n<p>[\/et_pb_accordion_item][et_pb_accordion_item title=\u00bb\u00bfCu\u00e1les son los beneficios de tomar Enikia?\u00bb _builder_version=\u00bb4.22.1&#8243; _module_preset=\u00bbdefault\u00bb global_colors_info=\u00bb{}\u00bb theme_builder_area=\u00bbpost_content\u00bb open=\u00bboff\u00bb]<\/p>\n<p>Los principales beneficios de tomar Enikia son:<\/p>\n<ul>\n<li>Ayuda a fortalecer el sistema inmune.<\/li>\n<li>Participa positivamente en la salud cardiovascular.<\/li>\n<li>Coadyuvante en potencializar el rendimiento deportivo.<\/li>\n<li>Auxiliar en la regulaci\u00f3n de los niveles de glucosa.<\/li>\n<li>Contribuye en la activaci\u00f3n de los genes antienvejecimiento.<\/li>\n<li>Ayuda a reducir el da\u00f1o oxidativo provocado por el estr\u00e9s oxidativo.<\/li>\n<\/ul>\n<p>[\/et_pb_accordion_item][et_pb_accordion_item title=\u00bb\u00bfQu\u00e9 estudios existen que respalden los beneficios de Enikia?\u00bb _builder_version=\u00bb4.22.1&#8243; _module_preset=\u00bbdefault\u00bb global_colors_info=\u00bb{}\u00bb theme_builder_area=\u00bbpost_content\u00bb open=\u00bboff\u00bb]<\/p>\n<p>Las afirmaciones de los beneficios de Enikia est\u00e1n basadas en lo reportado en diferentes fuentes cient\u00edficas, experiencia cl\u00ednica, estudios precl\u00ednicos y patentes, adem\u00e1s que tenemos m\u00e1s de 10 a\u00f1os de experiencia.<\/p>\n<p>[\/et_pb_accordion_item][et_pb_accordion_item title=\u00bb\u00bfC\u00f3mo funciona Enikia?\u00bb _builder_version=\u00bb4.22.1&#8243; _module_preset=\u00bbdefault\u00bb global_colors_info=\u00bb{}\u00bb theme_builder_area=\u00bbpost_content\u00bb open=\u00bboff\u00bb]<\/p>\n<p>Enikia act\u00faa a nivel molecular, refuerza los mecanismos asociados con citoprotecci\u00f3n celular ante los mecanismos de oxidaci\u00f3n e inflamaci\u00f3n cr\u00f3nica, activaci\u00f3n del metabolismo y proliferaci\u00f3n celular.<\/p>\n<p>Brindando protecci\u00f3n y compensaci\u00f3n metab\u00f3lica para retrasar o prevenir el estr\u00e9s oxidativo que se hace presente en personas enfermas y en procesos de mejora de salud mediante el cambio de h\u00e1bitos y ejercicio en personas sanas, protegiendo el cuerpo de da\u00f1os presentes y futuros da\u00f1os.<\/p>\n<p>[\/et_pb_accordion_item][et_pb_accordion_item title=\u00bb\u00bfCu\u00e1l es el ingrediente activo de Enikia?\u00bb _builder_version=\u00bb4.22.1&#8243; _module_preset=\u00bbdefault\u00bb global_colors_info=\u00bb{}\u00bb theme_builder_area=\u00bbpost_content\u00bb open=\u00bboff\u00bb]<\/p>\n<p>Los principales ingredientes activos de Enikia son:<\/p>\n<ul>\n<li>Resveratrol<\/li>\n<li>Glycine<\/li>\n<li>Cysteine<\/li>\n<li>Arginine<\/li>\n<\/ul>\n<p>[\/et_pb_accordion_item][et_pb_accordion_item title=\u00bb\u00bfC\u00f3mo se toma Enikia?\u00bb _builder_version=\u00bb4.22.1&#8243; _module_preset=\u00bbdefault\u00bb global_colors_info=\u00bb{}\u00bb theme_builder_area=\u00bbpost_content\u00bb open=\u00bboff\u00bb]<\/p>\n<p>Presentaci\u00f3n polvo (Enikia sabor fresa y sabor natural):<\/p>\n<p>La dosis recomendada es tomar un sachet al d\u00eda.<\/p>\n<p>Presentaci\u00f3n c\u00e1psula (Enikia c\u00e1psulas):<\/p>\n<p>La dosis recomendada es tomar una c\u00e1psula, dos veces al d\u00eda.<\/p>\n<p>Sin embargo, para casos espec\u00edficos puedes escribirnos a info@enikia.com.mx<\/p>\n<p>[\/et_pb_accordion_item][et_pb_accordion_item title=\u00bb\u00bfCu\u00e1l es el mejor horario para consumir Enikia?\u00bb _builder_version=\u00bb4.22.1&#8243; _module_preset=\u00bbdefault\u00bb global_colors_info=\u00bb{}\u00bb theme_builder_area=\u00bbpost_content\u00bb open=\u00bboff\u00bb]<\/p>\n<p>En cualquiera de sus presentaciones se recomienda consumir Enikia despu\u00e9s de los alimentos, ya sea despu\u00e9s del desayuno y\/o comida.<\/p>\n<p>[\/et_pb_accordion_item][et_pb_accordion_item title=\u00bb\u00bfTiene efectos secundarios?\u00bb _builder_version=\u00bb4.22.1&#8243; _module_preset=\u00bbdefault\u00bb global_colors_info=\u00bb{}\u00bb theme_builder_area=\u00bbpost_content\u00bb open=\u00bboff\u00bb]<\/p>\n<p>Por la naturaleza de Enikia, s\u00f3lo se pueden presentar efectos secundarios si es al\u00e9rgico a alguno de los ingredientes de Enikia o si se tiene un consumo excesivo al recomendado.<\/p>\n<p>[\/et_pb_accordion_item][et_pb_accordion_item title=\u00bb\u00bfCu\u00e1l es la toxicidad de Enikia?\u00bb _builder_version=\u00bb4.22.1&#8243; _module_preset=\u00bbdefault\u00bb global_colors_info=\u00bb{}\u00bb theme_builder_area=\u00bbpost_content\u00bb open=\u00bboff\u00bb]<\/p>\n<p>Contamos con estudios que respaldan que el consumo sin generar toxicidad es a una dosis m\u00e1xima de 3 sachets al d\u00eda de Enikia.<\/p>\n<p>[\/et_pb_accordion_item][et_pb_accordion_item title=\u00bb\u00bfCu\u00e1les son los principales principales diferenciadores de Enikia?\u00bb _builder_version=\u00bb4.22.1&#8243; _module_preset=\u00bbdefault\u00bb global_colors_info=\u00bb{}\u00bb theme_builder_area=\u00bbpost_content\u00bb open=\u00bboff\u00bb]<\/p>\n<p>Enikia est\u00e1 formulado por nutrientes b\u00e1sicos y esenciales (amino\u00e1cidos y antioxidantes), que nos brindan ciertos beneficios tales como; rejuvenecimiento, rendimiento f\u00edsico, control de glucosa en la sangre, mejoramiento energ\u00e9tico y regeneraci\u00f3n celular.<\/p>\n<p>Sin embargo, muchos de los beneficios que proporciona Enikia para poder obtenerlos actualmente se debe de consumir m\u00e1s de un suplemento.<\/p>\n<p>[\/et_pb_accordion_item][et_pb_accordion_item title=\u00bb\u00bfNecesito receta m\u00e9dica para adquirilo?\u00bb _builder_version=\u00bb4.22.1&#8243; _module_preset=\u00bbdefault\u00bb global_colors_info=\u00bb{}\u00bb theme_builder_area=\u00bbpost_content\u00bb open=\u00bboff\u00bb]<\/p>\n<p>No, ya que es un suplemento alimenticio y sirve para complementar la dieta de las personas, por lo que se vende sin receta m\u00e9dica.<\/p>\n<p>[\/et_pb_accordion_item][et_pb_accordion_item title=\u00bb\u00bfHay alg\u00fan problema si tomo Enikia y tengo otro tratamiento?\u00bb _builder_version=\u00bb4.22.1&#8243; _module_preset=\u00bbdefault\u00bb global_colors_info=\u00bb{}\u00bb theme_builder_area=\u00bbpost_content\u00bb open=\u00bboff\u00bb]<\/p>\n<p>Si se encuentra en alg\u00fan tratamiento m\u00e9dico, se sugiere consultar primero a su m\u00e9dico o puedes escribirnos a info@enikia.com.mx<\/p>\n<p>[\/et_pb_accordion_item][et_pb_accordion_item title=\u00bb\u00bfQu\u00e9 tipos de personas pueden tomar Enikia?\u00bb _builder_version=\u00bb4.22.1&#8243; _module_preset=\u00bbdefault\u00bb global_colors_info=\u00bb{}\u00bb theme_builder_area=\u00bbpost_content\u00bb open=\u00bboff\u00bb]<\/p>\n<p>Enikia es un suplemento alimenticio que fue creado para que lo puedan consumir todas las personas, personas j\u00f3venes, personas que quieran verse bien y apoyar a personas que est\u00e9n en alg\u00fan tratamiento de alguna enfermedad, enfocado a enfermedades cr\u00f3nico-degenerativas.<\/p>\n<p>[\/et_pb_accordion_item][et_pb_accordion_item title=\u00bb\u00bfA partir de qu\u00e9 edad se puede tomar Enikia?\u00bb _builder_version=\u00bb4.22.1&#8243; _module_preset=\u00bbdefault\u00bb global_colors_info=\u00bb{}\u00bb theme_builder_area=\u00bbpost_content\u00bb open=\u00bboff\u00bb]<\/p>\n<p>Se sugiere tomar Enikia para personas de 18 a\u00f1os en adelante, sin embargo, para personas menores de 18 a\u00f1os se sugiere consultar a su m\u00e9dico o puedes escribirnos a <strong>info@enikia.com.mx<\/strong><\/p>\n<p>[\/et_pb_accordion_item][et_pb_accordion_item title=\u00bb\u00bfCu\u00e1nto tiempo debo tomar Enikia para empezar a ver resultados? \u00bb _builder_version=\u00bb4.22.1&#8243; _module_preset=\u00bbdefault\u00bb global_colors_info=\u00bb{}\u00bb theme_builder_area=\u00bbpost_content\u00bb open=\u00bboff\u00bb]<\/p>\n<p>El tiempo establecido para ser consumido Enikia y ver resultados depender\u00e1 del m\u00e9dico quien lo recomiende, de las necesidades nutricionales del paciente, de la patolog\u00eda que presente el paciente, as\u00ed como su estilo de vida, considerando que es un suplemento alimenticio.<\/p>\n<p>[\/et_pb_accordion_item][et_pb_accordion_item title=\u00bb\u00bfSe puede consumir en periodo de lactancia?\u00bb _builder_version=\u00bb4.22.1&#8243; _module_preset=\u00bbdefault\u00bb global_colors_info=\u00bb{}\u00bb theme_builder_area=\u00bbpost_content\u00bb open=\u00bboff\u00bb]<\/p>\n<p>Si se encuentra en periodo de lactancia, se sugiere consultar primero a su m\u00e9dico o puedes escribirnos a info@enikia.com.mx.<\/p>\n<p>[\/et_pb_accordion_item][et_pb_accordion_item title=\u00bb\u00bfLo pueden tomar personas que sufren alergias?\u00bb _builder_version=\u00bb4.22.1&#8243; _module_preset=\u00bbdefault\u00bb global_colors_info=\u00bb{}\u00bb theme_builder_area=\u00bbpost_content\u00bb open=\u00bboff\u00bb]<\/p>\n<p>Depende de qu\u00e9 tipo de alergias tenga, se recomienda revisar la etiqueta del producto antes de consumirlo, para verificar que no sea al\u00e9rgico a los ingredientes de Enikia.<\/p>\n<p>[\/et_pb_accordion_item][et_pb_accordion_item title=\u00bb\u00bfQu\u00e9 tipo de interacciones tiene con medicamentos?\u00bb _builder_version=\u00bb4.22.1&#8243; _module_preset=\u00bbdefault\u00bb global_colors_info=\u00bb{}\u00bb theme_builder_area=\u00bbpost_content\u00bb open=\u00bboff\u00bb]<\/p>\n<p>Enikia es un suplemento alimenticio, formulado con ingredientes b\u00e1sicos y esenciales, que sirve para complementar la ingesta de ciertos nutrientes, sin embargo, si se encuentra en tratamiento m\u00e9dico, se sugiere consultar primero a su m\u00e9dico o puedes escribirnos a info@enikia.com.mx<\/p>\n<p>[\/et_pb_accordion_item][et_pb_accordion_item title=\u00bb\u00bfEnikia me puede curar del c\u00e1ncer y\/o diabetes?\u00bb _builder_version=\u00bb4.22.1&#8243; _module_preset=\u00bbdefault\u00bb global_colors_info=\u00bb{}\u00bb theme_builder_area=\u00bbpost_content\u00bb open=\u00bboff\u00bb]<\/p>\n<p>No, debido a que Enikia es un suplemento alimenticio, sin embargo, Enikia sirve como coadyuvante para el tratamiento y la prevenci\u00f3n del s\u00edndrome metab\u00f3lico y enfermedades cr\u00f3nico degenerativas, ayudando a retrasar o prevenir el estr\u00e9s oxidativo presente en enfermedades en curso, regenerar tejidos, proporcionar una buena vasodilataci\u00f3n, por lo que sirve como auxiliar en la terapia de apoyo y control para reducir efectos de enfermedades y medicamentos, ayudando as\u00ed a mejorar la calidad de vida en personas enfermas.<\/p>\n<p>[\/et_pb_accordion_item][et_pb_accordion_item title=\u00bb\u00bfEnikia est\u00e1 patentado? \u00bfCu\u00e1ntas patentes tiene?\u00bb _builder_version=\u00bb4.25.0&#8243; _module_preset=\u00bbdefault\u00bb global_colors_info=\u00bb{}\u00bb theme_builder_area=\u00bbpost_content\u00bb open=\u00bboff\u00bb]<\/p>\n<p>Enikia es un producto patentado, actualmente cuenta con 23 patentes entre ellas:<\/p>\n<ul>\n<li>M\u00e9xico<\/li>\n<li>USA<\/li>\n<li>OAPI (Ben\u00edn, Burkina Faso, Camer\u00fan, la Rep\u00fablica Centroafricana, Chad, Comoras, Rep\u00fablica del Congo, Guinea Ecuatorial, Gab\u00f3n, Guinea, Guinea-Bis\u00e1u, Costa de Marfil (C\u00f4te d&#8217;Ivoire), Mal\u00ed, Mauritania, N\u00edger, Senegal y Togo)<\/li>\n<li>Russia<\/li>\n<li>Panam\u00e1<\/li>\n<li>China<\/li>\n<li>Hong Kong<\/li>\n<li>India<\/li>\n<\/ul>\n<p>[\/et_pb_accordion_item][et_pb_accordion_item title=\u00bb\u00bfEnikia est\u00e1 regulado por Cofepris?\u00bb _builder_version=\u00bb4.22.1&#8243; _module_preset=\u00bbdefault\u00bb global_colors_info=\u00bb{}\u00bb theme_builder_area=\u00bbpost_content\u00bb open=\u00bboff\u00bb]<\/p>\n<p>S\u00ed, Enikia es considerado un suplemento alimenticio, que es regulado por COFEPRIS en M\u00e9xco. Asimismo, en Healthcare nos encargamos de cumplir con la regulaci\u00f3n aplicable de COFEPRIS.<\/p>\n<p>[\/et_pb_accordion_item][et_pb_accordion_item title=\u00bb\u00bfEnikia est\u00e1 regulado por FDA?\u00bb _builder_version=\u00bb4.22.1&#8243; _module_preset=\u00bbdefault\u00bb global_colors_info=\u00bb{}\u00bb theme_builder_area=\u00bbpost_content\u00bb open=\u00bboff\u00bb]<\/p>\n<p>S\u00ed, Enikia es considerado un suplemento alimenticio, que es regulado por FDA en USA. Asimismo, en Healthcare nos encargamos de cumplir con la regulaci\u00f3n aplicable de FDA.<\/p>\n<p>[\/et_pb_accordion_item][et_pb_accordion_item title=\u00bb\u00bfD\u00f3nde puedo comprar Enikia?\u00bb _builder_version=\u00bb4.22.1&#8243; _module_preset=\u00bbdefault\u00bb global_colors_info=\u00bb{}\u00bb theme_builder_area=\u00bbpost_content\u00bb open=\u00bboff\u00bb]<\/p>\n<p>A trav\u00e9s de nuestro distribuidor autorizado <a href=\"https:\/\/www.ctpvmexico.com.mx\" target=\"_blank\" rel=\"noopener\">CTPV<\/a><\/p>\n<p>[\/et_pb_accordion_item][et_pb_accordion_item title=\u00bb\u00bfD\u00f3nde puedo comprar Enikia si estoy fuera de M\u00e9xico?\u00bb _builder_version=\u00bb4.22.1&#8243; _module_preset=\u00bbdefault\u00bb global_colors_info=\u00bb{}\u00bb theme_builder_area=\u00bbpost_content\u00bb open=\u00bboff\u00bb]<\/p>\n<p>Puedes contactar a nuestro distribuidor autorizado <a href=\"https:\/\/www.ctpvmexico.com.mx\" target=\"_blank\" rel=\"noopener\">CTPV<\/a><\/p>\n<p>[\/et_pb_accordion_item][\/et_pb_accordion][\/et_pb_column][\/et_pb_row][\/et_pb_section]<\/p>","protected":false},"excerpt":{"rendered":"<p>Preguntas Frecuentes\u00bfTienes preguntas sobre Enikia? \u00a1Aqu\u00ed est\u00e1n las respuestas! En esta secci\u00f3n de Preguntas Frecuentes, encontrar\u00e1s informaci\u00f3n clave sobre nuestro producto. Descubre cu\u00e1l es el ingrediente activo de Enikia, c\u00f3mo tomarlo, los beneficios que proporciona, a qui\u00e9n est\u00e1 dirigido, etc.La diferencia radica en que cada presentaci\u00f3n de Enikia va dirigida a diferentes tipos de personas: [&hellip;]<\/p>","protected":false},"author":1,"featured_media":0,"parent":0,"menu_order":0,"comment_status":"closed","ping_status":"closed","template":"","meta":{"_et_pb_use_builder":"on","_et_pb_old_content":"","_et_gb_content_width":"","inline_featured_image":false,"footnotes":""},"class_list":["post-112","page","type-page","status-publish","hentry"],"_links":{"self":[{"href":"https:\/\/enikia.com.mx\/en\/wp-json\/wp\/v2\/pages\/112","targetHints":{"allow":["GET"]}}],"collection":[{"href":"https:\/\/enikia.com.mx\/en\/wp-json\/wp\/v2\/pages"}],"about":[{"href":"https:\/\/enikia.com.mx\/en\/wp-json\/wp\/v2\/types\/page"}],"author":[{"embeddable":true,"href":"https:\/\/enikia.com.mx\/en\/wp-json\/wp\/v2\/users\/1"}],"replies":[{"embeddable":true,"href":"https:\/\/enikia.com.mx\/en\/wp-json\/wp\/v2\/comments?post=112"}],"version-history":[{"count":0,"href":"https:\/\/enikia.com.mx\/en\/wp-json\/wp\/v2\/pages\/112\/revisions"}],"wp:attachment":[{"href":"https:\/\/enikia.com.mx\/en\/wp-json\/wp\/v2\/media?parent=112"}],"curies":[{"name":"wp","href":"https:\/\/api.w.org\/{rel}","templated":true}]}}