{"id":164,"date":"2024-08-15T21:28:09","date_gmt":"2024-08-15T21:28:09","guid":{"rendered":"http:\/\/enikia.com.mx\/?page_id=164"},"modified":"2024-08-15T21:28:09","modified_gmt":"2024-08-15T21:28:09","slug":"resveratrol","status":"publish","type":"page","link":"https:\/\/enikia.com.mx\/en\/resveratrol\/","title":{"rendered":"Resveratrol"},"content":{"rendered":"<p>[et_pb_section fb_built=\u00bb1&#8243; specialty=\u00bbon\u00bb padding_top_2=\u00bb0px\u00bb padding_bottom_2=\u00bb0px\u00bb padding_top_bottom_link_2=\u00bbtrue\u00bb padding_left_right_link_2=\u00bbfalse\u00bb module_id=\u00bbresveratrol\u00bb module_class=\u00bbsection \u00bb _builder_version=\u00bb4.22.1&#8243; _module_preset=\u00bbdefault\u00bb background_enable_image=\u00bboff\u00bb background_size=\u00bbcustom\u00bb background_image_width=\u00bb35%\u00bb background_position=\u00bbcenter_right\u00bb background_horizontal_offset=\u00bb3%\u00bb height_tablet=\u00bbauto\u00bb height_phone=\u00bbauto\u00bb height_last_edited=\u00bbon|tablet\u00bb global_colors_info=\u00bb{}\u00bb theme_builder_area=\u00bbpost_content\u00bb][et_pb_column type=\u00bb2_3&#8243; specialty_columns=\u00bb2&#8243; _builder_version=\u00bb4.16&#8243; custom_padding=\u00bb|||\u00bb global_colors_info=\u00bb{}\u00bb custom_padding__hover=\u00bb|||\u00bb theme_builder_area=\u00bbpost_content\u00bb][et_pb_row_inner _builder_version=\u00bb4.21.2&#8243; _module_preset=\u00bbdefault\u00bb custom_padding=\u00bb0px||0px||false|false\u00bb global_colors_info=\u00bb{}\u00bb theme_builder_area=\u00bbpost_content\u00bb][et_pb_column_inner saved_specialty_column_type=\u00bb2_3&#8243; _builder_version=\u00bb4.21.0&#8243; _module_preset=\u00bbdefault\u00bb global_colors_info=\u00bb{}\u00bb theme_builder_area=\u00bbpost_content\u00bb][et_pb_text _builder_version=\u00bb4.21.2&#8243; _module_preset=\u00bbdefault\u00bb text_text_color=\u00bb#000000&#8243; text_font_size=\u00bb16px\u00bb header_2_font=\u00bbRighteous||||||||\u00bb custom_margin=\u00bb0px||0px||false|false\u00bb custom_padding=\u00bb0px||0px||false|false\u00bb global_colors_info=\u00bb{}\u00bb theme_builder_area=\u00bbpost_content\u00bb]<\/p>\n<p>\u00bfQu\u00e9 es?<\/p>\n<p>[\/et_pb_text][et_pb_text _builder_version=\u00bb4.27.0&#8243; _module_preset=\u00bbdefault\u00bb header_font=\u00bbRighteous|700||on|||||\u00bb header_text_color=\u00bb#203C81&#8243; header_font_size=\u00bb35px\u00bb header_2_font=\u00bbRighteous|700||on|||||\u00bb header_2_text_color=\u00bb#203C81&#8243; header_2_font_size=\u00bb35px\u00bb global_colors_info=\u00bb{}\u00bb theme_builder_area=\u00bbpost_content\u00bb]<\/p>\n<h1>Resveratrol<\/h1>\n<p>[\/et_pb_text][et_pb_text _builder_version=\u00bb4.22.1&#8243; _module_preset=\u00bbdefault\u00bb text_text_color=\u00bb#000000&#8243; text_font_size=\u00bb16px\u00bb header_2_font=\u00bbRighteous||||||||\u00bb global_colors_info=\u00bb{}\u00bb theme_builder_area=\u00bbpost_content\u00bb]<\/p>\n<p style=\"text-align: left;\">El resveratrol, un tipo de fenol natural que se produce en varias plantas, posee propiedades antioxidantes, y es ampliamente consumido en la dieta mediterr\u00e1nea en forma de man\u00ed, uvas y vino <em>(Bhat, Kosmeder &amp; Pezzuto, 2001)<\/em>.<\/p>\n<p>Los metabolitos obtenidos del resveratrol son r\u00e1pidamente eliminados del plasma, por lo que resulta necesario mantener altas concentraciones de estos en la sangre para observar sus beneficios <em>(Manach et al., 2004).<\/em><\/p>\n<p>Las propiedades antioxidantes del resveratrol <em>in vivo<\/em> se atribuyen a su efecto como un regulador gen\u00e9tico y participa en diversos procesos celulares.<\/p>\n<p><strong>\u00a0Beneficios del Resveratrol:<\/strong><\/p>\n<p><strong><\/strong><\/p>\n<ul>\n<li>El resveratrol inhibe la producci\u00f3n de especies reactivas del ox\u00edgeno.<\/li>\n<li>Reduce la generaci\u00f3n de super\u00f3xido mitocondrial al estimular la biog\u00e9nesis de las mitocondrias.<\/li>\n<li>Previene la producci\u00f3n de super\u00f3xido a partir del \u00f3xido n\u00edtrico sintasa endotelial.<\/li>\n<li>Aumenta la expresi\u00f3n de varias enzimas antioxidantes <em>(Xia N et al., 2017).<\/em><\/li>\n<li>Se asocia con la protecci\u00f3n de la funci\u00f3n cerebral y disminuci\u00f3n de la presi\u00f3n arterial.<\/li>\n<li>Mejora el metabolismo de \u00e1cidos grasos.<\/li>\n<\/ul>\n<p><strong>Resveratrol en Enikia<\/strong><\/p>\n<p>Se\u00a0prioriza el efecto antioxidante disminuyendo la presencia de radicales libres causados por la alimentaci\u00f3n y por el desgaste celular propio de la edad y se regula la expresi\u00f3n del gen SIRT-1 el cual es clave en los mecanismos encargados de regular el gasto metab\u00f3lico en situaciones en que los alimentos no se encuentran disponibles, sugiriendo que la participaci\u00f3n de esta enzima da cuenta en parte de los resultados que demuestran que una dieta hipocal\u00f3rica se relaciona con un mayor \u00edndice de longevidad.<\/p>\n<p>[\/et_pb_text][et_pb_image src=\u00bbhttp:\/\/enikia.com.mx\/wp-content\/uploads\/2024\/08\/Resveratrol-Movil-jpg.webp\u00bb title_text=\u00bbResveratrol Movil\u00bb align=\u00bbcenter\u00bb disabled_on=\u00bboff|off|on\u00bb _builder_version=\u00bb4.27.0&#8243; _module_preset=\u00bbdefault\u00bb width=\u00bb100%\u00bb max_width=\u00bb75%\u00bb max_width_tablet=\u00bb100%\u00bb max_width_phone=\u00bb100%\u00bb max_width_last_edited=\u00bbon|phone\u00bb custom_margin=\u00bb0px||0px||true|false\u00bb custom_padding=\u00bb0px||0px||true|false\u00bb global_colors_info=\u00bb{}\u00bb theme_builder_area=\u00bbpost_content\u00bb][\/et_pb_image][\/et_pb_column_inner][\/et_pb_row_inner][\/et_pb_column][et_pb_column type=\u00bb1_3&#8243; _builder_version=\u00bb4.16&#8243; custom_padding=\u00bb|||\u00bb global_colors_info=\u00bb{}\u00bb custom_padding__hover=\u00bb|||\u00bb theme_builder_area=\u00bbpost_content\u00bb][et_pb_image src=\u00bbhttp:\/\/enikia.com.mx\/wp-content\/uploads\/2024\/08\/Resveratrol-jpg.webp\u00bb title_text=\u00bbResveratrol\u00bb align=\u00bbcenter\u00bb disabled_on=\u00bbon|on|off\u00bb _builder_version=\u00bb4.27.0&#8243; _module_preset=\u00bbdefault\u00bb width=\u00bb130%\u00bb module_alignment=\u00bbleft\u00bb global_colors_info=\u00bb{}\u00bb theme_builder_area=\u00bbpost_content\u00bb][\/et_pb_image][\/et_pb_column][\/et_pb_section][et_pb_section fb_built=\u00bb1&#8243; admin_label=\u00bbEntradas Blog\u00bb module_class=\u00bbno-scroll\u00bb _builder_version=\u00bb4.21.2&#8243; _module_preset=\u00bbdefault\u00bb global_colors_info=\u00bb{}\u00bb theme_builder_area=\u00bbpost_content\u00bb][et_pb_row _builder_version=\u00bb4.22.0&#8243; _module_preset=\u00bbdefault\u00bb width=\u00bb85%\u00bb max_width=\u00bb100%\u00bb global_colors_info=\u00bb{}\u00bb theme_builder_area=\u00bbpost_content\u00bb][et_pb_column type=\u00bb4_4&#8243; _builder_version=\u00bb4.21.2&#8243; _module_preset=\u00bbdefault\u00bb global_colors_info=\u00bb{}\u00bb theme_builder_area=\u00bbpost_content\u00bb][et_pb_blog fullwidth=\u00bboff\u00bb posts_number=\u00bb4&#8243; include_categories=\u00bb13&#8243; excerpt_length=\u00bb150&#8243; show_author=\u00bboff\u00bb show_date=\u00bboff\u00bb show_categories=\u00bboff\u00bb _builder_version=\u00bb4.22.0&#8243; _module_preset=\u00bbdefault\u00bb header_font=\u00bbRighteous|700||on|||||\u00bb header_text_align=\u00bbleft\u00bb header_text_color=\u00bb#203C83&#8243; header_letter_spacing=\u00bb2px\u00bb body_text_color=\u00bb#000000&#8243; meta_text_color=\u00bb#000000&#8243; module_alignment=\u00bbcenter\u00bb child_filter_saturate=\u00bb0%\u00bb animation_style=\u00bbfade\u00bb animation_direction=\u00bbbottom\u00bb border_width_all=\u00bb0px\u00bb border_radii_image=\u00bbon|10px|10px|10px|10px\u00bb box_shadow_style_image=\u00bbpreset3&#8243; box_shadow_spread_image=\u00bb-15px\u00bb box_shadow_color_image=\u00bbrgba(10,10,10,0.3)\u00bb global_colors_info=\u00bb{}\u00bb box_shadow_color_image__hover_enabled=\u00bboff|desktop\u00bb box_shadow_color_image__hover=\u00bbrgba(10,10,10,0.3)\u00bb child_filter_saturate__hover_enabled=\u00bbon|hover\u00bb child_filter_saturate__hover=\u00bb100%\u00bb theme_builder_area=\u00bbpost_content\u00bb][\/et_pb_blog][\/et_pb_column][\/et_pb_row][\/et_pb_section]<\/p>","protected":false},"excerpt":{"rendered":"<p>\u00bfQu\u00e9 es?ResveratrolEl resveratrol, un tipo de fenol natural que se produce en varias plantas, posee propiedades antioxidantes, y es ampliamente consumido en la dieta mediterr\u00e1nea en forma de man\u00ed, uvas y vino (Bhat, Kosmeder &amp; Pezzuto, 2001). Los metabolitos obtenidos del resveratrol son r\u00e1pidamente eliminados del plasma, por lo que resulta necesario mantener altas concentraciones [&hellip;]<\/p>","protected":false},"author":1,"featured_media":0,"parent":0,"menu_order":0,"comment_status":"closed","ping_status":"closed","template":"","meta":{"_et_pb_use_builder":"on","_et_pb_old_content":"","_et_gb_content_width":"","inline_featured_image":false,"footnotes":""},"class_list":["post-164","page","type-page","status-publish","hentry"],"_links":{"self":[{"href":"https:\/\/enikia.com.mx\/en\/wp-json\/wp\/v2\/pages\/164","targetHints":{"allow":["GET"]}}],"collection":[{"href":"https:\/\/enikia.com.mx\/en\/wp-json\/wp\/v2\/pages"}],"about":[{"href":"https:\/\/enikia.com.mx\/en\/wp-json\/wp\/v2\/types\/page"}],"author":[{"embeddable":true,"href":"https:\/\/enikia.com.mx\/en\/wp-json\/wp\/v2\/users\/1"}],"replies":[{"embeddable":true,"href":"https:\/\/enikia.com.mx\/en\/wp-json\/wp\/v2\/comments?post=164"}],"version-history":[{"count":0,"href":"https:\/\/enikia.com.mx\/en\/wp-json\/wp\/v2\/pages\/164\/revisions"}],"wp:attachment":[{"href":"https:\/\/enikia.com.mx\/en\/wp-json\/wp\/v2\/media?parent=164"}],"curies":[{"name":"wp","href":"https:\/\/api.w.org\/{rel}","templated":true}]}}