{"id":169,"date":"2024-08-15T21:31:01","date_gmt":"2024-08-15T21:31:01","guid":{"rendered":"http:\/\/enikia.com.mx\/?page_id=169"},"modified":"2024-08-15T21:31:01","modified_gmt":"2024-08-15T21:31:01","slug":"glicina","status":"publish","type":"page","link":"https:\/\/enikia.com.mx\/en\/glicina\/","title":{"rendered":"Glycine"},"content":{"rendered":"<p>[et_pb_section fb_built=\u00bb1&#8243; specialty=\u00bbon\u00bb module_id=\u00bbglicina\u00bb module_class=\u00bbsection\u00bb _builder_version=\u00bb4.22.1&#8243; _module_preset=\u00bbdefault\u00bb background_enable_color=\u00bboff\u00bb use_background_color_gradient=\u00bbon\u00bb background_color_gradient_direction=\u00bb154deg\u00bb background_color_gradient_stops=\u00bb#203c81 0%|#272b52 100%\u00bb background_enable_image=\u00bboff\u00bb background_size=\u00bbcontain\u00bb background_position=\u00bbcenter_left\u00bb background_horizontal_offset=\u00bb3%\u00bb background_blend=\u00bbscreen\u00bb height_tablet=\u00bbauto\u00bb height_phone=\u00bbauto\u00bb height_last_edited=\u00bbon|phone\u00bb global_colors_info=\u00bb{}\u00bb theme_builder_area=\u00bbpost_content\u00bb][et_pb_column type=\u00bb1_3&#8243; _builder_version=\u00bb4.16&#8243; custom_padding=\u00bb|||\u00bb global_colors_info=\u00bb{}\u00bb custom_padding__hover=\u00bb|||\u00bb theme_builder_area=\u00bbpost_content\u00bb][et_pb_image src=\u00bbhttp:\/\/enikia.com.mx\/wp-content\/uploads\/2024\/08\/Glicina-min.webp\u00bb title_text=\u00bbGlicina-min\u00bb disabled_on=\u00bbon|on|off\u00bb _builder_version=\u00bb4.27.0&#8243; _module_preset=\u00bbdefault\u00bb transform_scale_tablet=\u00bb\u00bb transform_scale_phone=\u00bb\u00bb transform_scale_last_edited=\u00bbon|desktop\u00bb transform_translate=\u00bb-100px|0px\u00bb transform_translate_tablet=\u00bb-50px|0px\u00bb transform_translate_phone=\u00bb-50px|0px\u00bb transform_translate_last_edited=\u00bbon|desktop\u00bb transform_translate_linked=\u00bboff\u00bb transform_rotate_tablet=\u00bb\u00bb transform_rotate_phone=\u00bb\u00bb transform_rotate_last_edited=\u00bbon|desktop\u00bb transform_skew_tablet=\u00bb\u00bb transform_skew_phone=\u00bb\u00bb transform_skew_last_edited=\u00bbon|desktop\u00bb transform_origin_tablet=\u00bb\u00bb transform_origin_phone=\u00bb\u00bb transform_origin_last_edited=\u00bbon|desktop\u00bb transform_styles_last_edited=\u00bbon|desktop\u00bb width=\u00bb130%\u00bb transform_styles_tablet=\u00bb\u00bb transform_styles_phone=\u00bb\u00bb global_colors_info=\u00bb{}\u00bb theme_builder_area=\u00bbpost_content\u00bb][\/et_pb_image][\/et_pb_column][et_pb_column type=\u00bb2_3&#8243; specialty_columns=\u00bb2&#8243; _builder_version=\u00bb4.16&#8243; custom_padding=\u00bb|||\u00bb global_colors_info=\u00bb{}\u00bb custom_padding__hover=\u00bb|||\u00bb theme_builder_area=\u00bbpost_content\u00bb][et_pb_row_inner _builder_version=\u00bb4.21.2&#8243; _module_preset=\u00bbdefault\u00bb custom_margin=\u00bb0.1%||||false|false\u00bb custom_padding=\u00bb0px||0px||false|false\u00bb global_colors_info=\u00bb{}\u00bb theme_builder_area=\u00bbpost_content\u00bb][et_pb_column_inner saved_specialty_column_type=\u00bb2_3&#8243; _builder_version=\u00bb4.21.0&#8243; _module_preset=\u00bbdefault\u00bb global_colors_info=\u00bb{}\u00bb theme_builder_area=\u00bbpost_content\u00bb][et_pb_text _builder_version=\u00bb4.21.2&#8243; _module_preset=\u00bbdefault\u00bb text_text_color=\u00bb#FFFFFF\u00bb text_font_size=\u00bb16px\u00bb header_2_font=\u00bbRighteous||||||||\u00bb custom_margin=\u00bb0px||0px||false|false\u00bb custom_padding=\u00bb0px||0px||false|false\u00bb global_colors_info=\u00bb{}\u00bb theme_builder_area=\u00bbpost_content\u00bb]<\/p>\n<p>\u00bfQu\u00e9 es?<\/p>\n<p>[\/et_pb_text][et_pb_text _builder_version=\u00bb4.27.0&#8243; _module_preset=\u00bbdefault\u00bb header_font=\u00bbRighteous|700||on|||||\u00bb header_text_color=\u00bb#FFFFFF\u00bb header_font_size=\u00bb35px\u00bb header_2_font=\u00bbRighteous|700||on|||||\u00bb header_2_text_color=\u00bb#FFFFFF\u00bb header_2_font_size=\u00bb35px\u00bb global_colors_info=\u00bb{}\u00bb theme_builder_area=\u00bbpost_content\u00bb]<\/p>\n<h1>Glycine<\/h1>\n<p>[\/et_pb_text][et_pb_text _builder_version=\u00bb4.22.1&#8243; _module_preset=\u00bbdefault\u00bb text_text_color=\u00bb#FFFFFF\u00bb text_font_size=\u00bb16px\u00bb header_2_font=\u00bbRighteous||||||||\u00bb header_2_text_color=\u00bb#FFFFFF\u00bb global_colors_info=\u00bb{}\u00bb theme_builder_area=\u00bbpost_content\u00bb]<\/p>\n<p>La glicina (Gly, G) es uno de los amino\u00e1cidos que forman las prote\u00ednas de los seres vivos.<\/p>\n<p>No es esencial en la dieta humana, ya que el propio cuerpo se encarga de sintetizarla.<\/p>\n<p>Se utiliza en el organismo para sintetizar gran n\u00famero de sustancias; por ejemplo, para la s\u00edntesis de col\u00e1geno y elastina.<\/p>\n<p>La s\u00edntesis de col\u00e1geno significa un gasto de Glicina de m\u00e1s de 15 gramos diarios, que deben ser suministrados por la dieta diaria.<\/p>\n<p><strong>Beneficios de la Glicina:<\/strong><\/p>\n<p><strong><\/strong><\/p>\n<ul>\n<li>La glicina es un protector contra estr\u00e9s.<\/li>\n<li>Previene el descenso de la actividad de las enzimas hep\u00e1ticas antioxidantes.<\/li>\n<li>Tiene funciones como neurotransmisor.<\/li>\n<li>Participa en la regulaci\u00f3n de la conducta motora, regeneraci\u00f3n de tejidos, contribuye a la reducci\u00f3n de estr\u00e9s, desarrollar funciones cognitivas <em>(Oxford Dictionaries. Retrieved 2015-12-06).<\/em><\/li>\n<li>Mejora la situaci\u00f3n en da\u00f1o hep\u00e1tico por alcoholismo, algunas formas de c\u00e1ncer, y la nefrotoxicidad debida a ciertos medicamentos <em>(B Matilla;2020).<\/em><\/li>\n<\/ul>\n<p><strong>Glicina en Enikia<\/strong><\/p>\n<p>Desempe\u00f1a un control positivo sobre el ciclo celular as\u00ed como al mejoramiento y fortalecimiento de la s\u00edntesis del ADN y\/o ARN as\u00ed como su expresi\u00f3n g\u00e9nica, esto se debe a que la cantidad de purinas producidas son las optimas y necesarias para dichos procesos.<\/p>\n<p>[\/et_pb_text][et_pb_image src=\u00bbhttp:\/\/enikia.com.mx\/wp-content\/uploads\/2024\/08\/Glicina-Movil-min-_1_.webp\u00bb title_text=\u00bbGlicina-Movil-min-_1_\u00bb disabled_on=\u00bboff|off|on\u00bb _builder_version=\u00bb4.27.0&#8243; _module_preset=\u00bbdefault\u00bb global_colors_info=\u00bb{}\u00bb theme_builder_area=\u00bbpost_content\u00bb][\/et_pb_image][\/et_pb_column_inner][\/et_pb_row_inner][\/et_pb_column][\/et_pb_section][et_pb_section fb_built=\u00bb1&#8243; admin_label=\u00bbEntradas Blog\u00bb module_class=\u00bbno-scroll\u00bb _builder_version=\u00bb4.21.2&#8243; _module_preset=\u00bbdefault\u00bb global_colors_info=\u00bb{}\u00bb theme_builder_area=\u00bbpost_content\u00bb][et_pb_row _builder_version=\u00bb4.22.0&#8243; _module_preset=\u00bbdefault\u00bb width=\u00bb85%\u00bb max_width=\u00bb100%\u00bb global_colors_info=\u00bb{}\u00bb theme_builder_area=\u00bbpost_content\u00bb][et_pb_column type=\u00bb4_4&#8243; _builder_version=\u00bb4.21.2&#8243; _module_preset=\u00bbdefault\u00bb global_colors_info=\u00bb{}\u00bb theme_builder_area=\u00bbpost_content\u00bb][et_pb_blog fullwidth=\u00bboff\u00bb posts_number=\u00bb4&#8243; include_categories=\u00bb13&#8243; excerpt_length=\u00bb150&#8243; show_author=\u00bboff\u00bb show_date=\u00bboff\u00bb show_categories=\u00bboff\u00bb _builder_version=\u00bb4.22.0&#8243; _module_preset=\u00bbdefault\u00bb header_font=\u00bbRighteous|700||on|||||\u00bb header_text_align=\u00bbleft\u00bb header_text_color=\u00bb#203C83&#8243; header_letter_spacing=\u00bb2px\u00bb body_text_color=\u00bb#000000&#8243; meta_text_color=\u00bb#000000&#8243; module_alignment=\u00bbcenter\u00bb child_filter_saturate=\u00bb0%\u00bb animation_style=\u00bbfade\u00bb animation_direction=\u00bbbottom\u00bb border_width_all=\u00bb0px\u00bb border_radii_image=\u00bbon|10px|10px|10px|10px\u00bb box_shadow_style_image=\u00bbpreset3&#8243; box_shadow_spread_image=\u00bb-15px\u00bb box_shadow_color_image=\u00bbrgba(10,10,10,0.3)\u00bb global_colors_info=\u00bb{}\u00bb box_shadow_color_image__hover_enabled=\u00bboff|desktop\u00bb box_shadow_color_image__hover=\u00bbrgba(10,10,10,0.3)\u00bb child_filter_saturate__hover_enabled=\u00bbon|hover\u00bb child_filter_saturate__hover=\u00bb100%\u00bb theme_builder_area=\u00bbpost_content\u00bb][\/et_pb_blog][\/et_pb_column][\/et_pb_row][\/et_pb_section]<\/p>","protected":false},"excerpt":{"rendered":"<p>\u00bfQu\u00e9 es?GlicinaLa glicina (Gly, G) es uno de los amino\u00e1cidos que forman las prote\u00ednas de los seres vivos. No es esencial en la dieta humana, ya que el propio cuerpo se encarga de sintetizarla. Se utiliza en el organismo para sintetizar gran n\u00famero de sustancias; por ejemplo, para la s\u00edntesis de col\u00e1geno y elastina. La [&hellip;]<\/p>","protected":false},"author":1,"featured_media":0,"parent":0,"menu_order":0,"comment_status":"closed","ping_status":"closed","template":"","meta":{"_et_pb_use_builder":"on","_et_pb_old_content":"","_et_gb_content_width":"","inline_featured_image":false,"footnotes":""},"class_list":["post-169","page","type-page","status-publish","hentry"],"_links":{"self":[{"href":"https:\/\/enikia.com.mx\/en\/wp-json\/wp\/v2\/pages\/169","targetHints":{"allow":["GET"]}}],"collection":[{"href":"https:\/\/enikia.com.mx\/en\/wp-json\/wp\/v2\/pages"}],"about":[{"href":"https:\/\/enikia.com.mx\/en\/wp-json\/wp\/v2\/types\/page"}],"author":[{"embeddable":true,"href":"https:\/\/enikia.com.mx\/en\/wp-json\/wp\/v2\/users\/1"}],"replies":[{"embeddable":true,"href":"https:\/\/enikia.com.mx\/en\/wp-json\/wp\/v2\/comments?post=169"}],"version-history":[{"count":0,"href":"https:\/\/enikia.com.mx\/en\/wp-json\/wp\/v2\/pages\/169\/revisions"}],"wp:attachment":[{"href":"https:\/\/enikia.com.mx\/en\/wp-json\/wp\/v2\/media?parent=169"}],"curies":[{"name":"wp","href":"https:\/\/api.w.org\/{rel}","templated":true}]}}