{"id":174,"date":"2024-08-15T21:31:41","date_gmt":"2024-08-15T21:31:41","guid":{"rendered":"http:\/\/enikia.com.mx\/?page_id=174"},"modified":"2024-08-15T21:31:41","modified_gmt":"2024-08-15T21:31:41","slug":"cisteina","status":"publish","type":"page","link":"https:\/\/enikia.com.mx\/en\/cisteina\/","title":{"rendered":"Cisteina"},"content":{"rendered":"<p>[et_pb_section fb_built=\u00bb1&#8243; specialty=\u00bbon\u00bb module_id=\u00bbcisteina\u00bb module_class=\u00bbsection\u00bb _builder_version=\u00bb4.22.1&#8243; _module_preset=\u00bbdefault\u00bb background_enable_image=\u00bboff\u00bb background_size=\u00bbcontain\u00bb background_position=\u00bbcenter_right\u00bb background_horizontal_offset=\u00bb10%\u00bb global_colors_info=\u00bb{}\u00bb theme_builder_area=\u00bbpost_content\u00bb][et_pb_column type=\u00bb2_3&#8243; specialty_columns=\u00bb2&#8243; _builder_version=\u00bb4.16&#8243; custom_padding=\u00bb|||\u00bb global_colors_info=\u00bb{}\u00bb custom_padding__hover=\u00bb|||\u00bb theme_builder_area=\u00bbpost_content\u00bb][et_pb_row_inner custom_padding_last_edited=\u00bbon|tablet\u00bb _builder_version=\u00bb4.22.1&#8243; _module_preset=\u00bbdefault\u00bb custom_padding=\u00bb80px||0px||false|false\u00bb custom_padding_tablet=\u00bb0px||||false|false\u00bb custom_padding_phone=\u00bb0px||||false|false\u00bb global_colors_info=\u00bb{}\u00bb theme_builder_area=\u00bbpost_content\u00bb][et_pb_column_inner saved_specialty_column_type=\u00bb2_3&#8243; _builder_version=\u00bb4.21.0&#8243; _module_preset=\u00bbdefault\u00bb global_colors_info=\u00bb{}\u00bb theme_builder_area=\u00bbpost_content\u00bb][et_pb_text _builder_version=\u00bb4.21.2&#8243; _module_preset=\u00bbdefault\u00bb text_text_color=\u00bb#000000&#8243; text_font_size=\u00bb16px\u00bb header_2_font=\u00bbRighteous||||||||\u00bb custom_margin=\u00bb0px||0px||false|false\u00bb custom_padding=\u00bb0px||0px||false|false\u00bb global_colors_info=\u00bb{}\u00bb theme_builder_area=\u00bbpost_content\u00bb]<\/p>\n<p>\u00bfQu\u00e9 es?<\/p>\n<p>[\/et_pb_text][et_pb_text _builder_version=\u00bb4.27.0&#8243; _module_preset=\u00bbdefault\u00bb header_font=\u00bbRighteous|700||on|||||\u00bb header_text_color=\u00bb#203C81&#8243; header_font_size=\u00bb35px\u00bb header_2_font=\u00bbRighteous|700||on|||||\u00bb header_2_text_color=\u00bb#203C81&#8243; header_2_font_size=\u00bb35px\u00bb global_colors_info=\u00bb{}\u00bb theme_builder_area=\u00bbpost_content\u00bb]<\/p>\n<h1>Cysteine<\/h1>\n<p>[\/et_pb_text][et_pb_text _builder_version=\u00bb4.22.1&#8243; _module_preset=\u00bbdefault\u00bb text_text_color=\u00bb#000000&#8243; text_font_size=\u00bb16px\u00bb header_2_font=\u00bbRighteous||||||||\u00bb global_colors_info=\u00bb{}\u00bb theme_builder_area=\u00bbpost_content\u00bb]<\/p>\n<p>La ciste\u00edna (abreviada como Cys o C) es un amino\u00e1cido no esencial, lo que significa que puede ser sintetizado por los humanos. En algunos casos, puede ser requerida su suplementaci\u00f3n para beb\u00e9s, ancianos, personas con ciertas enfermedades metab\u00f3licas o que sufren de s\u00edndromes de malabsorci\u00f3n o personas con deficiencia de metionina.<\/p>\n<p><strong>Beneficios de la Ciste\u00edna:<\/strong><\/p>\n<p><strong><\/strong><\/p>\n<ul>\n<li>Es precursor de mol\u00e9culas altamente antioxidantes (glutati\u00f3n).<\/li>\n<li>Ciste\u00edna es una importante fuente de azufre en el metabolismo humano <em>(Paul M. Dewick, 2009).<\/em><\/li>\n<li>La ciste\u00edna es fundamental para producir col\u00e1geno. Afecta la elasticidad y textura de la piel y la salud del cabello.<\/li>\n<li>L-ciste\u00edna puede ayudar a tratar la artritis y el endurecimiento de las arterias.<\/li>\n<li>La ciste\u00edna puede ayudar a quemar grasa y aumentar la masa muscular.<\/li>\n<\/ul>\n<p><strong>Ciste\u00edna en Enikia<\/strong><\/p>\n<p>Esta proporci\u00f3n de ciste\u00edna esta dise\u00f1ada para que la liberaci\u00f3n del grupo tiol del amino\u00e1cido forme un sistema prote\u00ednico (proteoma) capaz de mejorar y fortalecer las prote\u00ednas receptoras y de superficie de la c\u00e9lula. La formaci\u00f3n de este proteoma permite mantener un mejor control epigen\u00e9tico, una mejor expresi\u00f3n de genes y optimizar las fases del ciclo celular mediante la activaci\u00f3n de diferentes reacciones metab\u00f3licas activadas por la ciste\u00edna.<\/p>\n<p>[\/et_pb_text][et_pb_image src=\u00bbhttp:\/\/enikia.com.mx\/wp-content\/uploads\/2024\/08\/Cisteina-Movil-jpg.webp\u00bb title_text=\u00bbCisteina Movil\u00bb disabled_on=\u00bboff|off|on\u00bb _builder_version=\u00bb4.27.0&#8243; _module_preset=\u00bbdefault\u00bb global_colors_info=\u00bb{}\u00bb theme_builder_area=\u00bbpost_content\u00bb][\/et_pb_image][\/et_pb_column_inner][\/et_pb_row_inner][\/et_pb_column][et_pb_column type=\u00bb1_3&#8243; _builder_version=\u00bb4.16&#8243; custom_padding=\u00bb|||\u00bb global_colors_info=\u00bb{}\u00bb custom_padding__hover=\u00bb|||\u00bb theme_builder_area=\u00bbpost_content\u00bb][et_pb_image src=\u00bbhttp:\/\/enikia.com.mx\/wp-content\/uploads\/2024\/08\/Cisteina-jpg.webp\u00bb title_text=\u00bbCisteina\u00bb align=\u00bbcenter\u00bb disabled_on=\u00bbon|on|off\u00bb _builder_version=\u00bb4.27.0&#8243; _module_preset=\u00bbdefault\u00bb transform_translate=\u00bb-15px|0px\u00bb transform_translate_linked=\u00bboff\u00bb width=\u00bb130%\u00bb module_alignment=\u00bbleft\u00bb global_colors_info=\u00bb{}\u00bb theme_builder_area=\u00bbpost_content\u00bb][\/et_pb_image][\/et_pb_column][\/et_pb_section][et_pb_section fb_built=\u00bb1&#8243; admin_label=\u00bbEntradas Blog\u00bb module_class=\u00bbno-scroll\u00bb _builder_version=\u00bb4.21.2&#8243; _module_preset=\u00bbdefault\u00bb global_colors_info=\u00bb{}\u00bb theme_builder_area=\u00bbpost_content\u00bb][et_pb_row _builder_version=\u00bb4.22.0&#8243; _module_preset=\u00bbdefault\u00bb width=\u00bb85%\u00bb max_width=\u00bb100%\u00bb global_colors_info=\u00bb{}\u00bb theme_builder_area=\u00bbpost_content\u00bb][et_pb_column type=\u00bb4_4&#8243; _builder_version=\u00bb4.21.2&#8243; _module_preset=\u00bbdefault\u00bb global_colors_info=\u00bb{}\u00bb theme_builder_area=\u00bbpost_content\u00bb][et_pb_blog fullwidth=\u00bboff\u00bb posts_number=\u00bb4&#8243; include_categories=\u00bb13&#8243; excerpt_length=\u00bb150&#8243; show_author=\u00bboff\u00bb show_date=\u00bboff\u00bb show_categories=\u00bboff\u00bb _builder_version=\u00bb4.22.0&#8243; _module_preset=\u00bbdefault\u00bb header_font=\u00bbRighteous|700||on|||||\u00bb header_text_align=\u00bbleft\u00bb header_text_color=\u00bb#203C83&#8243; header_letter_spacing=\u00bb2px\u00bb body_text_color=\u00bb#000000&#8243; meta_text_color=\u00bb#000000&#8243; module_alignment=\u00bbcenter\u00bb child_filter_saturate=\u00bb0%\u00bb animation_style=\u00bbfade\u00bb animation_direction=\u00bbbottom\u00bb border_width_all=\u00bb0px\u00bb border_radii_image=\u00bbon|10px|10px|10px|10px\u00bb box_shadow_style_image=\u00bbpreset3&#8243; box_shadow_spread_image=\u00bb-15px\u00bb box_shadow_color_image=\u00bbrgba(10,10,10,0.3)\u00bb global_colors_info=\u00bb{}\u00bb box_shadow_color_image__hover_enabled=\u00bboff|desktop\u00bb box_shadow_color_image__hover=\u00bbrgba(10,10,10,0.3)\u00bb child_filter_saturate__hover_enabled=\u00bbon|hover\u00bb child_filter_saturate__hover=\u00bb100%\u00bb theme_builder_area=\u00bbpost_content\u00bb][\/et_pb_blog][\/et_pb_column][\/et_pb_row][\/et_pb_section]<\/p>","protected":false},"excerpt":{"rendered":"<p>\u00bfQu\u00e9 es?Ciste\u00ednaLa ciste\u00edna (abreviada como Cys o C) es un amino\u00e1cido no esencial, lo que significa que puede ser sintetizado por los humanos. En algunos casos, puede ser requerida su suplementaci\u00f3n para beb\u00e9s, ancianos, personas con ciertas enfermedades metab\u00f3licas o que sufren de s\u00edndromes de malabsorci\u00f3n o personas con deficiencia de metionina. Beneficios de la [&hellip;]<\/p>","protected":false},"author":1,"featured_media":0,"parent":0,"menu_order":0,"comment_status":"closed","ping_status":"closed","template":"","meta":{"_et_pb_use_builder":"on","_et_pb_old_content":"","_et_gb_content_width":"","inline_featured_image":false,"footnotes":""},"class_list":["post-174","page","type-page","status-publish","hentry"],"_links":{"self":[{"href":"https:\/\/enikia.com.mx\/en\/wp-json\/wp\/v2\/pages\/174","targetHints":{"allow":["GET"]}}],"collection":[{"href":"https:\/\/enikia.com.mx\/en\/wp-json\/wp\/v2\/pages"}],"about":[{"href":"https:\/\/enikia.com.mx\/en\/wp-json\/wp\/v2\/types\/page"}],"author":[{"embeddable":true,"href":"https:\/\/enikia.com.mx\/en\/wp-json\/wp\/v2\/users\/1"}],"replies":[{"embeddable":true,"href":"https:\/\/enikia.com.mx\/en\/wp-json\/wp\/v2\/comments?post=174"}],"version-history":[{"count":0,"href":"https:\/\/enikia.com.mx\/en\/wp-json\/wp\/v2\/pages\/174\/revisions"}],"wp:attachment":[{"href":"https:\/\/enikia.com.mx\/en\/wp-json\/wp\/v2\/media?parent=174"}],"curies":[{"name":"wp","href":"https:\/\/api.w.org\/{rel}","templated":true}]}}