{"id":179,"date":"2024-08-15T21:35:46","date_gmt":"2024-08-15T21:35:46","guid":{"rendered":"http:\/\/enikia.com.mx\/?page_id=179"},"modified":"2024-08-15T21:36:14","modified_gmt":"2024-08-15T21:36:14","slug":"arginina","status":"publish","type":"page","link":"https:\/\/enikia.com.mx\/en\/arginina\/","title":{"rendered":"Arginine"},"content":{"rendered":"<p>[et_pb_section fb_built=\u00bb1&#8243; specialty=\u00bbon\u00bb module_id=\u00bbarginina\u00bb module_class=\u00bbsection\u00bb _builder_version=\u00bb4.22.1&#8243; _module_preset=\u00bbdefault\u00bb background_enable_color=\u00bboff\u00bb use_background_color_gradient=\u00bbon\u00bb background_color_gradient_direction=\u00bb154deg\u00bb background_color_gradient_stops=\u00bb#203c81 0%|#272b52 100%\u00bb background_enable_image=\u00bboff\u00bb background_size=\u00bbcontain\u00bb background_position=\u00bbcenter_left\u00bb background_horizontal_offset=\u00bb3%\u00bb background_blend=\u00bbscreen\u00bb global_colors_info=\u00bb{}\u00bb theme_builder_area=\u00bbpost_content\u00bb][et_pb_column type=\u00bb1_3&#8243; _builder_version=\u00bb4.16&#8243; custom_padding=\u00bb|||\u00bb global_colors_info=\u00bb{}\u00bb custom_padding__hover=\u00bb|||\u00bb theme_builder_area=\u00bbpost_content\u00bb][et_pb_image src=\u00bbhttp:\/\/enikia.com.mx\/wp-content\/uploads\/2024\/08\/Arginina-min.webp\u00bb title_text=\u00bbArginina-min\u00bb disabled_on=\u00bbon|on|off\u00bb _builder_version=\u00bb4.27.0&#8243; _module_preset=\u00bbdefault\u00bb transform_scale_tablet=\u00bb\u00bb transform_scale_phone=\u00bb\u00bb transform_scale_last_edited=\u00bbon|desktop\u00bb transform_translate=\u00bb-95px|0px\u00bb transform_translate_tablet=\u00bb-95px|0px\u00bb transform_translate_phone=\u00bb-95px|0px\u00bb transform_translate_last_edited=\u00bbon|desktop\u00bb transform_translate_linked=\u00bboff\u00bb transform_rotate_tablet=\u00bb\u00bb transform_rotate_phone=\u00bb\u00bb transform_rotate_last_edited=\u00bbon|desktop\u00bb transform_skew_tablet=\u00bb\u00bb transform_skew_phone=\u00bb\u00bb transform_skew_last_edited=\u00bbon|desktop\u00bb transform_origin_tablet=\u00bb\u00bb transform_origin_phone=\u00bb\u00bb transform_origin_last_edited=\u00bbon|desktop\u00bb transform_styles_last_edited=\u00bbon|desktop\u00bb width=\u00bb130%\u00bb transform_styles_tablet=\u00bb\u00bb transform_styles_phone=\u00bb\u00bb global_colors_info=\u00bb{}\u00bb theme_builder_area=\u00bbpost_content\u00bb][\/et_pb_image][\/et_pb_column][et_pb_column type=\u00bb2_3&#8243; specialty_columns=\u00bb2&#8243; _builder_version=\u00bb4.16&#8243; custom_padding=\u00bb|||\u00bb global_colors_info=\u00bb{}\u00bb custom_padding__hover=\u00bb|||\u00bb theme_builder_area=\u00bbpost_content\u00bb][et_pb_row_inner _builder_version=\u00bb4.21.2&#8243; _module_preset=\u00bbdefault\u00bb custom_margin=\u00bb5%||||false|false\u00bb custom_padding=\u00bb0px||0px||false|false\u00bb global_colors_info=\u00bb{}\u00bb theme_builder_area=\u00bbpost_content\u00bb][et_pb_column_inner saved_specialty_column_type=\u00bb2_3&#8243; _builder_version=\u00bb4.21.0&#8243; _module_preset=\u00bbdefault\u00bb global_colors_info=\u00bb{}\u00bb theme_builder_area=\u00bbpost_content\u00bb][et_pb_text _builder_version=\u00bb4.21.2&#8243; _module_preset=\u00bbdefault\u00bb text_text_color=\u00bb#FFFFFF\u00bb text_font_size=\u00bb16px\u00bb header_2_font=\u00bbRighteous||||||||\u00bb custom_margin=\u00bb0px||0px||false|false\u00bb custom_padding=\u00bb0px||0px||false|false\u00bb global_colors_info=\u00bb{}\u00bb theme_builder_area=\u00bbpost_content\u00bb]<\/p>\n<p>\u00bfQu\u00e9 es?<\/p>\n<p>[\/et_pb_text][et_pb_text _builder_version=\u00bb4.27.0&#8243; _module_preset=\u00bbdefault\u00bb header_font=\u00bbRighteous|700||on|||||\u00bb header_text_color=\u00bb#FFFFFF\u00bb header_font_size=\u00bb35px\u00bb header_2_font=\u00bbRighteous|700||on|||||\u00bb header_2_text_color=\u00bb#FFFFFF\u00bb header_2_font_size=\u00bb35px\u00bb global_colors_info=\u00bb{}\u00bb theme_builder_area=\u00bbpost_content\u00bb]<\/p>\n<h1>Arginine<\/h1>\n<p>[\/et_pb_text][et_pb_text _builder_version=\u00bb4.22.1&#8243; _module_preset=\u00bbdefault\u00bb text_text_color=\u00bb#FFFFFF\u00bb text_font_size=\u00bb16px\u00bb header_2_font=\u00bbRighteous||||||||\u00bb global_colors_info=\u00bb{}\u00bb theme_builder_area=\u00bbpost_content\u00bb]<\/p>\n<p>La arginina (abreviado como Arg o R) es un amino\u00e1cido condicionalmente esencial, es un componente esencial del ciclo de la urea, la v\u00eda por la cual los mam\u00edferos eliminan el amon\u00edaco t\u00f3xico del cuerpo.<\/p>\n<p>La arginina es participa en la bios\u00edntesis de \u00f3xido n\u00edtrico, que desempe\u00f1a papeles cr\u00edticos en diversos procesos fisiol\u00f3gicos en el cuerpo humano, neurotransmisi\u00f3n, vaso-relajaci\u00f3n, citotoxicidad e inmunidad.<\/p>\n<p>Este amino\u00e1cido se encuentra involucrado en muchas de las actividades de las gl\u00e1ndulas endocrinas <em>(Bischoff et al., 2012)<\/em>.<\/p>\n<p><strong>Beneficios de la Arginina:<\/strong><\/p>\n<p><strong> <\/strong><\/p>\n<p><strong><\/strong><strong><\/strong><\/p>\n<ul>\n<li>Regula positivamente enfermedades cardiovasculares.<\/li>\n<li>Mejora da\u00f1o endotelial (mala reparaci\u00f3n de heridas).<\/li>\n<li>Mejora la deficiencia en s\u00edntesis de prote\u00ednas.<\/li>\n<li>Refuerza el sistema inmunol\u00f3gico.<\/li>\n<li>Est\u00e1 involucrada en la s\u00edntesis de creatina, poliaminas y en el ADN.<\/li>\n<li>Disminuye el colesterol para mejorar la capacidad del aparato circulatorio.<\/li>\n<li>Estimula la liberaci\u00f3n de hormonas de crecimiento. \u200b<\/li>\n<li>Reduce los niveles de grasa corporal.<\/li>\n<li>Facilita la recuperaci\u00f3n de los deportistas debido a su participaci\u00f3n en el metabolismo de la urea.<\/li>\n<\/ul>\n<p><strong>Arginina en Enikia<\/strong><\/p>\n<p>Funciona para el mejoramiento de la distribuci\u00f3n nutrimental en la c\u00e9lula, esto se debe, a que se prioriza el efecto vasodilatador que se tiene por la formaci\u00f3n de oxido n\u00edtrico en sangre. La vasodilataci\u00f3n permite mejorar la circulaci\u00f3n sangu\u00ednea y por consecuencias una mejor distribuci\u00f3n de nutrientes; esta misma proporci\u00f3n genera metabolitos secundarios capaces de fortalecer o mejorar la se\u00f1alizaci\u00f3n celular y el control hormonal.<\/p>\n<p>[\/et_pb_text][et_pb_image src=\u00bbhttp:\/\/enikia.com.mx\/wp-content\/uploads\/2024\/08\/Arginina-Movil-min-_1_.webp\u00bb title_text=\u00bbArginina-Movil-min-_1_\u00bb disabled_on=\u00bboff|off|on\u00bb _builder_version=\u00bb4.27.0&#8243; _module_preset=\u00bbdefault\u00bb global_colors_info=\u00bb{}\u00bb theme_builder_area=\u00bbpost_content\u00bb][\/et_pb_image][\/et_pb_column_inner][\/et_pb_row_inner][\/et_pb_column][\/et_pb_section][et_pb_section fb_built=\u00bb1&#8243; admin_label=\u00bbEntradas Blog\u00bb module_class=\u00bbno-scroll\u00bb _builder_version=\u00bb4.21.2&#8243; _module_preset=\u00bbdefault\u00bb global_colors_info=\u00bb{}\u00bb theme_builder_area=\u00bbpost_content\u00bb][et_pb_row _builder_version=\u00bb4.22.0&#8243; _module_preset=\u00bbdefault\u00bb width=\u00bb85%\u00bb max_width=\u00bb100%\u00bb global_colors_info=\u00bb{}\u00bb theme_builder_area=\u00bbpost_content\u00bb][et_pb_column type=\u00bb4_4&#8243; _builder_version=\u00bb4.21.2&#8243; _module_preset=\u00bbdefault\u00bb global_colors_info=\u00bb{}\u00bb theme_builder_area=\u00bbpost_content\u00bb][et_pb_blog fullwidth=\u00bboff\u00bb posts_number=\u00bb4&#8243; include_categories=\u00bb13&#8243; excerpt_length=\u00bb150&#8243; show_author=\u00bboff\u00bb show_date=\u00bboff\u00bb show_categories=\u00bboff\u00bb _builder_version=\u00bb4.22.0&#8243; _module_preset=\u00bbdefault\u00bb header_font=\u00bbRighteous|700||on|||||\u00bb header_text_align=\u00bbleft\u00bb header_text_color=\u00bb#203C83&#8243; header_letter_spacing=\u00bb2px\u00bb body_text_color=\u00bb#000000&#8243; meta_text_color=\u00bb#000000&#8243; module_alignment=\u00bbcenter\u00bb child_filter_saturate=\u00bb0%\u00bb animation_style=\u00bbfade\u00bb animation_direction=\u00bbbottom\u00bb border_width_all=\u00bb0px\u00bb border_radii_image=\u00bbon|10px|10px|10px|10px\u00bb box_shadow_style_image=\u00bbpreset3&#8243; box_shadow_spread_image=\u00bb-15px\u00bb box_shadow_color_image=\u00bbrgba(10,10,10,0.3)\u00bb global_colors_info=\u00bb{}\u00bb box_shadow_color_image__hover_enabled=\u00bboff|desktop\u00bb box_shadow_color_image__hover=\u00bbrgba(10,10,10,0.3)\u00bb child_filter_saturate__hover_enabled=\u00bbon|hover\u00bb child_filter_saturate__hover=\u00bb100%\u00bb theme_builder_area=\u00bbpost_content\u00bb][\/et_pb_blog][\/et_pb_column][\/et_pb_row][\/et_pb_section]<\/p>","protected":false},"excerpt":{"rendered":"<p>\u00bfQu\u00e9 es?ArgininaLa arginina (abreviado como Arg o R) es un amino\u00e1cido condicionalmente esencial, es un componente esencial del ciclo de la urea, la v\u00eda por la cual los mam\u00edferos eliminan el amon\u00edaco t\u00f3xico del cuerpo. La arginina es participa en la bios\u00edntesis de \u00f3xido n\u00edtrico, que desempe\u00f1a papeles cr\u00edticos en diversos procesos fisiol\u00f3gicos en el [&hellip;]<\/p>","protected":false},"author":1,"featured_media":0,"parent":0,"menu_order":0,"comment_status":"closed","ping_status":"closed","template":"","meta":{"_et_pb_use_builder":"on","_et_pb_old_content":"","_et_gb_content_width":"","inline_featured_image":false,"footnotes":""},"class_list":["post-179","page","type-page","status-publish","hentry"],"_links":{"self":[{"href":"https:\/\/enikia.com.mx\/en\/wp-json\/wp\/v2\/pages\/179","targetHints":{"allow":["GET"]}}],"collection":[{"href":"https:\/\/enikia.com.mx\/en\/wp-json\/wp\/v2\/pages"}],"about":[{"href":"https:\/\/enikia.com.mx\/en\/wp-json\/wp\/v2\/types\/page"}],"author":[{"embeddable":true,"href":"https:\/\/enikia.com.mx\/en\/wp-json\/wp\/v2\/users\/1"}],"replies":[{"embeddable":true,"href":"https:\/\/enikia.com.mx\/en\/wp-json\/wp\/v2\/comments?post=179"}],"version-history":[{"count":0,"href":"https:\/\/enikia.com.mx\/en\/wp-json\/wp\/v2\/pages\/179\/revisions"}],"wp:attachment":[{"href":"https:\/\/enikia.com.mx\/en\/wp-json\/wp\/v2\/media?parent=179"}],"curies":[{"name":"wp","href":"https:\/\/api.w.org\/{rel}","templated":true}]}}